{"id":49,"date":"2016-09-25T07:18:14","date_gmt":"2016-09-25T05:18:14","guid":{"rendered":"https:\/\/coderdojoozzanoemilia.wordpress.com\/?page_id=49"},"modified":"2016-09-25T07:18:14","modified_gmt":"2016-09-25T05:18:14","slug":"statuto-dei-coderdojo-della-hello-world-foundation","status":"publish","type":"page","link":"https:\/\/coderdojoozzanoemilia.it\/index.php\/statuto-dei-coderdojo-della-hello-world-foundation\/","title":{"rendered":"Statuto dei CoderDojo"},"content":{"rendered":"<h4 class=\"title\"><strong>Traduzione italiana del \u00a0<a href=\"https:\/\/zen.coderdojo.com\/charter\" target=\"_blank\" rel=\"noopener\">Hello World Foundation charter for CoderDojo<\/a><\/strong><\/h4>\n<p>A tutti i Dojo \u00e8 richiesto di concordare con il seguente Statuto dei CoderDojo. Questo Statuto comprende le basi etiche e gli aspetti cardine del movimento CoderDojo, su cui sono stati fondati tutti i Dojo. L\u2019introduzione dello Statuto \u00e8 stata annunciata dal co-fondatore James Whelton al Gruppo di Organizzatori di CoderDojo il 3 dicembre 2013.<\/p>\n<h2><b>Statuto<\/b><\/h2>\n<p>Per gli scopi di questo Statuto, \u201cCoderDojo\u201d dovr\u00e0 essere inteso come il movimento open source, guidato da volontari, orientato alla creazione e gestione di club di programmazione gratuiti e senza scopo di lucro. Con \u201cDojo\u201d si dovranno intendere i club di programmazione senza scopo di lucro creati per supportare le comunit\u00e0 e diffondere la filosofia di CoderDojo.<\/p>\n<p>Tutti i Dojo sono gruppi di comunit\u00e0, indipendenti e autonomi, creati per ispirare i giovani a imparare la programmazione. Ogni Dojo \u00e8 condotto secondo il proprio stile, ma tutti condividono la stessa etica.<\/p>\n<ul>\n<li>Ci impegniamo a ispirare e supportare i giovani nell\u2019imparare come creare tecnologia<\/li>\n<li>Ci impegniamo a sostenere sempre gli interessi dei giovani partecipanti al nostro Dojo e ad assicurare che le migliori pratiche vengano seguite<\/li>\n<li>Ci impegniamo a mantenere lo standard pi\u00f9 elevato in termini di tutela dei minori nel nostro territorio<\/li>\n<li>Ci impegniamo a non far pagare i ragazzi partecipanti n\u00e8 i loro genitori<\/li>\n<li>Ci impegniamo a incoraggiare la partecipazione dei genitori al Dojo<\/li>\n<li>Ci impegniamo a condividere le nostre conoscenze in modo libero (nel senso di gratuito e aperto)<\/li>\n<li>Ci impegniamo a condividere le nostre conoscenze all\u2019interno del nostro Dojo e degli altri Dojo<\/li>\n<li>Ci impegniamo a prenderci cura e sostenere il buon nome della comunit\u00e0 globale CoderDojo<\/li>\n<li>Ci impegniamo a incoraggiare la collaborazione, il tutoraggio tra pari e il lavoro di squadra tra i partecipanti<\/li>\n<li>Ci impegniamo ad accogliere i volontari e i ragazzi a prescindere dal genere, razza, orientamento sessuale, credo, religione o abilit\u00e0.<\/li>\n<\/ul>\n<p>La Hello World Foundation (HWF) si impegna con te:<strong><strong>\u00a0<\/strong><\/strong><\/p>\n<ul>\n<li>HWF si impegna ad agire negli interessi della comunit\u00e0 globale CoderDojo<\/li>\n<li>HWF si impegna ad aiutare la comunit\u00e0 a condividere le proprie conoscenze<\/li>\n<li>HWF si impegna a condividere le nostre risorse gratuitamente<\/li>\n<li>HWF si impegna a incoraggiare il coinvolgimento attivo nella nostra organizzazione<\/li>\n<\/ul>\n<h2><b>Accordo<\/b><\/h2>\n<ul>\n<li>Registrandoti, stipuli un accordo con la Hello World Foundation accettando di seguire i valori etici di CoderDojo<\/li>\n<li>Sei autorizzato a usare il nome, logo e sito web di CoderDojo per promuovere la tua attivit\u00e0 senza scopo commerciale<\/li>\n<li>Sei autorizzato a raccogliere fondi a condizione che sia fatto in maniera esplicita per il tuo Dojo o come gruppo di Dojo riuniti sotto lo stesso nome (ad esempio i Dojo della California) e una raccolta fondi inappropriata \u00e8 una violazione del presente Statuto<\/li>\n<li>\u00c8 tua responsabilit\u00e0 assicurare di intraprendere attivit\u00e0 che siano conformi alla legislazione del tuo territorio, inclusa la raccolta fondi, per il tuo Dojo o gruppi di Dojo.<\/li>\n<li>Se i termini di questo Statuto venissero violati, la Hello World Foundation si riserva il diritto di rimuovere il gruppo dal suo sito web. In questo caso il tuo club di programmazione dovr\u00e0 cessare l\u2019utilizzo del nome CoderDojo, del marchio e del logo per qualsiasi attivit\u00e0 di promozione del tuo club di progammazione o su siti di terze parti<\/li>\n<li>L\u2019opinione espressa da un qualsiasi Dojo o persona registrata presso un Dojo, non rappresenta la visione della Hello World Foundation<\/li>\n<li>La Hello World Foundation pu\u00f2 rescindere senza motivo questo Statuto con qualsiasi Dojo con un preavviso di 30 giorni<\/li>\n<li>Poich\u00e8 la Hello World Foundation \u00e8 una entit\u00e0 Irlandese, questo Statuto \u00e8 soggetto alla legislazione irlandese e tu acconsenti a questo.<\/li>\n<\/ul>\n<h2><b>Esclusione di responsabilit\u00e0<\/b><\/h2>\n<ul>\n<li>La Hello Wolrd Foundation e CoderDojo declina ogni responsabilit\u00e0 nel caso di ferite durante lo svolgimento di attivit\u00e0 in un gruppo registrato. \u00c8 responsabilit\u00e0 di ogni club garantire il mantenimento di una valida e appropriata assicurazione.<\/li>\n<li>Sei il solo responsabile delle attivit\u00e0 condotte dal tuo Dojo. L\u2019adesione a questo Statuto non comporta l\u2019approvazione di queste attivit\u00e0 da parte della Hello World Foundation.<\/li>\n<\/ul>\n","protected":false},"excerpt":{"rendered":"<p>Traduzione italiana del \u00a0Hello World Foundation charter for CoderDojo A tutti i Dojo \u00e8 richiesto di concordare con il seguente Statuto dei CoderDojo. Questo Statuto comprende le basi etiche e gli aspetti cardine del movimento CoderDojo, su cui sono stati fondati tutti i Dojo. L\u2019introduzione dello Statuto \u00e8 stata annunciata dal co-fondatore James Whelton al [&hellip;]<\/p>\n","protected":false},"author":1,"featured_media":0,"parent":0,"menu_order":0,"comment_status":"closed","ping_status":"closed","template":"","meta":{"footnotes":""},"class_list":["post-49","page","type-page","status-publish","hentry"],"jetpack_sharing_enabled":true,"_links":{"self":[{"href":"https:\/\/coderdojoozzanoemilia.it\/index.php\/wp-json\/wp\/v2\/pages\/49","targetHints":{"allow":["GET"]}}],"collection":[{"href":"https:\/\/coderdojoozzanoemilia.it\/index.php\/wp-json\/wp\/v2\/pages"}],"about":[{"href":"https:\/\/coderdojoozzanoemilia.it\/index.php\/wp-json\/wp\/v2\/types\/page"}],"author":[{"embeddable":true,"href":"https:\/\/coderdojoozzanoemilia.it\/index.php\/wp-json\/wp\/v2\/users\/1"}],"replies":[{"embeddable":true,"href":"https:\/\/coderdojoozzanoemilia.it\/index.php\/wp-json\/wp\/v2\/comments?post=49"}],"version-history":[{"count":0,"href":"https:\/\/coderdojoozzanoemilia.it\/index.php\/wp-json\/wp\/v2\/pages\/49\/revisions"}],"wp:attachment":[{"href":"https:\/\/coderdojoozzanoemilia.it\/index.php\/wp-json\/wp\/v2\/media?parent=49"}],"curies":[{"name":"wp","href":"https:\/\/api.w.org\/{rel}","templated":true}]}}