{"id":24,"date":"2016-09-24T08:33:47","date_gmt":"2016-09-24T06:33:47","guid":{"rendered":"https:\/\/coderdojoozzanoemilia.wordpress.com\/risorse\/"},"modified":"2016-09-24T08:33:47","modified_gmt":"2016-09-24T06:33:47","slug":"risorse","status":"publish","type":"page","link":"https:\/\/coderdojoozzanoemilia.it\/index.php\/risorse\/","title":{"rendered":"Risorse"},"content":{"rendered":"<p><a href=\"http:\/\/kata.coderdojo.com\/wiki\/Kata\" target=\"_blank\" rel=\"noopener\">KATA<\/a>:\u00a0Kata \u00e8 la piattaforma di risorse condivisa dalla comunit\u00e0 CoderDojo. E&#8217; uno strumento utilissimo per i membri della comunit\u00e0 CoderDojo per scoprire e condividere le risorse che si sono dimostrate preziose durante gli anni di esperienza\u00a0dei dojo.<\/p>\n<p><a href=\"https:\/\/scratch.mit.edu\/\" target=\"_blank\" rel=\"noopener\">SCRATCH<\/a>: scratch \u00e8 un software gratuito basato su un linguaggio di programmazione a blocchi che permette anche ai bambini pi\u00f9 piccoli di creare storie interattive, animazioni, giochi, musiche e prodotti artistici.Il software \u00e8 stato sviluppato dal Lifelong Kindergarten Group gestito da Mitchel Resnick presso il Media Lab del Massachusetts Institute of Technology. Utilizzare Scratch significa utilizzare la logica e la creativit\u00e0 per incastrare tra di loro dei blocchi con funzioni differenti e realizzare oggetti multimediali. Scratch \u00e8 uno strumento con il quale gli studenti possono sviluppare e applicare il pensiero computazionale, con il quale non sono pi\u00f9 solo utenti (fruizione passiva) ma diventano designer (interazione attiva).<\/p>\n<p><a href=\"https:\/\/coderdojo.com\/\" target=\"_blank\" rel=\"noopener\">CoderDojo Fundation<\/a><\/p>\n","protected":false},"excerpt":{"rendered":"<p>KATA:\u00a0Kata \u00e8 la piattaforma di risorse condivisa dalla comunit\u00e0 CoderDojo. E&#8217; uno strumento utilissimo per i membri della comunit\u00e0 CoderDojo per scoprire e condividere le risorse che si sono dimostrate preziose durante gli anni di esperienza\u00a0dei dojo. SCRATCH: scratch \u00e8 un software gratuito basato su un linguaggio di programmazione a blocchi che permette anche ai [&hellip;]<\/p>\n","protected":false},"author":1,"featured_media":0,"parent":0,"menu_order":0,"comment_status":"closed","ping_status":"closed","template":"","meta":{"footnotes":""},"class_list":["post-24","page","type-page","status-publish","hentry"],"jetpack_sharing_enabled":true,"_links":{"self":[{"href":"https:\/\/coderdojoozzanoemilia.it\/index.php\/wp-json\/wp\/v2\/pages\/24","targetHints":{"allow":["GET"]}}],"collection":[{"href":"https:\/\/coderdojoozzanoemilia.it\/index.php\/wp-json\/wp\/v2\/pages"}],"about":[{"href":"https:\/\/coderdojoozzanoemilia.it\/index.php\/wp-json\/wp\/v2\/types\/page"}],"author":[{"embeddable":true,"href":"https:\/\/coderdojoozzanoemilia.it\/index.php\/wp-json\/wp\/v2\/users\/1"}],"replies":[{"embeddable":true,"href":"https:\/\/coderdojoozzanoemilia.it\/index.php\/wp-json\/wp\/v2\/comments?post=24"}],"version-history":[{"count":0,"href":"https:\/\/coderdojoozzanoemilia.it\/index.php\/wp-json\/wp\/v2\/pages\/24\/revisions"}],"wp:attachment":[{"href":"https:\/\/coderdojoozzanoemilia.it\/index.php\/wp-json\/wp\/v2\/media?parent=24"}],"curies":[{"name":"wp","href":"https:\/\/api.w.org\/{rel}","templated":true}]}}